{"id":452,"date":"2014-10-27T08:51:51","date_gmt":"2014-10-27T07:51:51","guid":{"rendered":"http:\/\/solimangroup.com\/fonderie_soliman\/?page_id=452"},"modified":"2014-11-05T16:12:31","modified_gmt":"2014-11-05T15:12:31","slug":"privacy-policy","status":"publish","type":"page","link":"https:\/\/solimangroup.com\/fonderie_soliman\/it\/privacy-policy\/","title":{"rendered":"Privacy Policy"},"content":{"rendered":"<p><!--:it--><\/p>\n<div class=\"ewf-row\">\n<div class=\"ewf-span12\">\n<div class=\"ewf-wrapper\">\n<div class=\"wpb_text_column wpb_content_element \">\n<div class=\"ewf-wrapper\">\n<h4><b>INFORMATIVA PER IL TRATTAMENTO DEI DATI PERSONALI<\/b><\/h4>\n<p>Ai sensi dell\u2019articolo 13 del D.Lgs. 196\/2003 definito \u201cCodice in materia di dati personali\u201d si informa che il trattamento dei dati personali, finalizzato unicamente a fornire informazioni commerciali sui nostri prodotti e servizi per adempiere a Sue specifiche richieste, avverr\u00e0 presso Fonderie Soliman SPA, con sede in Via Leonardo Da Vinci 44 \u2013 36034 Malo (VI) \u2013 P.IVA e C.F. 01275130241, di seguito definito Titolare, con l\u2019utilizzo di procedure anche informatizzate, nei modi e nei limiti necessari per perseguire le predette finalit\u00e0. I dati fornitici saranno trattati nel rispetto della norma sopra richiamata, rispondendo agli obblighi di riservatezza e liceit\u00e0 a cui \u00e8 ispirata la nostra societ\u00e0 e per il tempo strettamente necessario per cui sono stati raccolti; inoltre i dati non saranno oggetto di diffusione. I Vostri dati, per motivi strettamente professionali e allo scopo di svolgere al meglio il nostro servizio, potranno essere comunicati a<\/p>\n<p>\u2022 Nostri collaboratori esterni comunque da noi incaricati.<\/p>\n<p>Il conferimento dei dati \u00e8 obbligatorio per l\u2019esatta esecuzione degli obblighi contrattuali e precontrattuali, e la loro mancata indicazione comporta l\u2019impossibilit\u00e0 di portare a termine in maniera esatta l\u2019adempimento delle richieste, oltre che l\u2019impossibilit\u00e0 di essere tempestivamente aggiornati sui nuovi prodotti e servizi offerti dalla nostra societ\u00e0.<\/p>\n<p><b>Links ad altri siti web <\/b><\/p>\n<p>Il Sito pu\u00f2 contenere collegamenti testuali (i \u201clinks\u201d) ad altri siti web esterni che non dipendono dal Sito medesimo n\u00e9 sono in alcun modo riconducibili allo stesso. I siti ai quali rimandano tali collegamenti non sono sotto il controllo di Fonderie Solima SPA con la conseguenza che Fonderie Soliman SPA non controlla n\u00e9 compie operazioni di monitoraggio su tali siti web, sui loro contenuti e sulle loro regole. Fonderie Soliman SPA non \u00e8 pertanto responsabile del contenuto di tali siti esterni, n\u00e8 del funzionamento o di eventuali altri collegamenti in essi presenti o di eventuali aggiornamenti degli stessi, n\u00e9 del pari \u00e8 responsabile di eventuali pubblicazioni su web o di qualsiasi altra forma di trasmissione ricevuta da altri siti collegati. Fonderie Soliman SPA fornisce questi collegamenti solo per motivi di praticit\u00e0\/comodit\u00e0 dell\u2019utente.<\/p>\n<p><b>Cookies<\/b><\/p>\n<p>Sul Sito possono essere presenti dei \u201ccookies\u201d di sessione (che non vengono memorizzati in modo persistente sul computer dell\u2019utente e vengono eliminati con la chiusura del browser) con il fine di consentire agli utenti una migliore fruibilit\u00e0 del Sito. Non viene fatto, tuttavia, uso di \u201ccookies\u201d per la trasmissione di informazioni di carattere personale, n\u00e9 vengono utilizzati \u201ccookies persistenti\u201d di alcun tipo, ovvero sistemi per il tracciamento degli utenti. Qualora gli utenti decidessero di impostare la specifica funzione del loro browser che consente di rifiutare automaticamente tutti i cookies, potrebbe non essere loro possibile accedere a tutti i servizi disponibili sul Sito.<\/p>\n<p><b>Limitazioni di responsabilit\u00e0 <\/b><\/p>\n<p>L\u2019utente prende atto e comunque conviene che il proprio accesso al Sito e la navigazione sullo stesso sono interamente a suo rischio e sotto la sua esclusiva responsabilit\u00e0. L\u2019utente prende inoltre atto e comunque conviene che il Sito \u00e8 fornito \u201ccome \u00e8\u201d e \u201ccome disponibile\u201d e che potrebbe essere temporaneamente inaccessibile o comunque contenere difetti ovvero essere soggetto a sospensioni o a ritardi nell\u2019aggiornamento.\u00a0Fonderie Soliman SPA non sar\u00e0 responsabile di alcuna perdita o danno derivante o in qualunque modo collegato all\u2019uso o al funzionamento del Sito, ivi compresi \u2013 senza limitazione alcuna \u2013 danni per perdita di affari, perdita di utili, interruzione dell\u2019attivit\u00e0, perdita di informazioni commerciali e\/o qualsiasi altro tipo di perdita pecuniaria. Nessuna responsabilit\u00e0 viene assunta da\u00a0Fonderie Soliman SPA in merito al contenuto di quanto pubblicato sul Sito ed all\u2019uso dello stesso contenuto da parte degli Utenti e di terzi, n\u00e9 in merito ad eventuali contaminazioni informatiche derivanti dall\u2019accesso al Sito, dalla connessione con lo stesso e dal download di contenuti. Pertanto\u00a0Fonderie Soliman SPA non sar\u00e0 in alcun modo tenuta, per nessun titolo, a rispondere in ordine a danni, perdite, pregiudizi di alcun genere eventualmente subiti dagli Utenti, dai terzi e dai software dagli stessi utilizzati, a causa o in seguito alla connessione con il Sito o all\u2019utilizzo dei suoi contenuti.<\/p>\n<p><b>Segnalazioni abusi <\/b><\/p>\n<p>Gli utenti che abbiano individuato un qualsivoglia contenuto che ritengono illecito o inappropriato sono invitati a segnalarlo tempestivamente a Fonderie Soliman SPA<\/p>\n<p>Via Leonardo Da Vinci, 44 \u2013 36034 Malo (VI) \u2013 P.IVA e C.F. 01275130241<\/p>\n<p>Agli interessati sono riconosciuti i diritti di cui all\u2019articolo 7 del citato Codice, il cui testo \u00e8 integralmente riportato in calce alla presente informativa<\/p>\n<p><b>Art. 7 Diritti dell\u2019interessato <\/b><\/p>\n<p>1. L\u2019interessato ha diritto di ottenere la conferma dell\u2019esistenza o meno di dati personali che lo riguardano, anche se non ancora registrati, e la loro comunicazione in forma intelligibile.<\/p>\n<p>2. L\u2019interessato ha diritto di ottenere l\u2019indicazione:<\/p>\n<p>a) dell\u2019origine dei dati personali;<\/p>\n<p>b) delle finalit\u00e0 e modalit\u00e0 del trattamento;<\/p>\n<p>c) della logica applicata in caso di trattamento effettuato con l\u2019ausilio di strumenti elettronici;<\/p>\n<p>d) degli estremi identificativi del titolare, dei responsabili e del rappresentante designato ai sensi dell\u2019art.5 comma 2;<\/p>\n<p>e) dei soggetti o delle categorie di soggetti ai quali i dati personali possono essere comunicati o che possono venirne a conoscenza in qualit\u00e0 di rappresentante designato nel territorio dello Stato, di responsabili o incaricati.<\/p>\n<p>3. L\u2019interessato ha diritto di ottenere:<\/p>\n<p>a) l\u2019aggiornamento, la rettificazione ovvero, quando vi ha interesse, l\u2019integrazione dei dati;<\/p>\n<p>b) la cancellazione, la trasformazione in forma anonima o il blocco dei dati trattati in violazione di legge, compresi quelli di cui non \u00e8 necessaria la conservazione in relazione agli scopi per i quali i dati sono stati raccolti o successivamente trattati;<\/p>\n<p>c) l\u2019attestazione che le operazioni di cui alle lettere a) e b) sono state portate a conoscenza, anche per quanto riguarda il loro contenuto, di coloro ai quali i dati sono stati comunicati o diffusi, eccettuato il caso in cui tale adempimento si rivela impossibile o comporta un impiego di mezzi manifestamente sproporzionato rispetto al diritto tutelato.<\/p>\n<p>4. L\u2019interessato ha diritto di opporsi, in tutto o in parte:<\/p>\n<p>a) per motivi legittimi al trattamento dei dati personali che lo riguardano, ancorch\u00e9 pertinenti allo scopo della raccolta;<\/p>\n<p>b) al trattamento di dati personali che lo riguardano a fini di invio di materiale pubblicitario o di vendita diretta o per il compimento di ricerche di mercato o di comunicazione commerciale.<\/p>\n<\/div>\n<\/div>\n<\/div>\n<\/div>\n<\/div>\n<p><!--:--><\/p>\n","protected":false},"excerpt":{"rendered":"<p>INFORMATIVA PER IL TRATTAMENTO DEI DATI PERSONALI Ai sensi dell\u2019articolo 13 del D.Lgs. 196\/2003 definito \u201cCodice in materia di dati personali\u201d si informa che il trattamento dei dati personali, finalizzato unicamente a fornire informazioni commerciali sui nostri prodotti e servizi per adempiere a Sue specifiche richieste, avverr\u00e0 presso Fonderie Soliman SPA, con sede in Via<a class=\"rmore\" href=\"https:\/\/solimangroup.com\/fonderie_soliman\/it\/privacy-policy\/\">&nbsp;&nbsp; Read More &#8230;<\/a><\/p>\n","protected":false},"author":1,"featured_media":0,"parent":0,"menu_order":0,"comment_status":"open","ping_status":"open","template":"","meta":[],"yoast_head":"<!-- This site is optimized with the Yoast SEO plugin v15.2.1 - https:\/\/yoast.com\/wordpress\/plugins\/seo\/ -->\n<meta name=\"robots\" content=\"index, follow, max-snippet:-1, max-image-preview:large, max-video-preview:-1\" \/>\n<link rel=\"canonical\" href=\"https:\/\/solimangroup.com\/fonderie_soliman\/it\/privacy-policy\/\" \/>\n<meta property=\"og:locale\" content=\"en_GB\" \/>\n<meta property=\"og:type\" content=\"article\" \/>\n<meta property=\"og:title\" content=\"Privacy Policy - Fonderie Soliman\" \/>\n<meta property=\"og:description\" content=\"INFORMATIVA PER IL TRATTAMENTO DEI DATI PERSONALI Ai sensi dell\u2019articolo 13 del D.Lgs. 196\/2003 definito \u201cCodice in materia di dati personali\u201d si informa che il trattamento dei dati personali, finalizzato unicamente a fornire informazioni commerciali sui nostri prodotti e servizi per adempiere a Sue specifiche richieste, avverr\u00e0 presso Fonderie Soliman SPA, con sede in Via&nbsp;&nbsp; Read More ...\" \/>\n<meta property=\"og:url\" content=\"https:\/\/solimangroup.com\/fonderie_soliman\/it\/privacy-policy\/\" \/>\n<meta property=\"og:site_name\" content=\"Fonderie Soliman\" \/>\n<meta property=\"article:modified_time\" content=\"2014-11-05T15:12:31+00:00\" \/>\n<meta name=\"twitter:label1\" content=\"Written by\">\n\t<meta name=\"twitter:data1\" content=\"admin\">\n\t<meta name=\"twitter:label2\" content=\"Estimated reading time\">\n\t<meta name=\"twitter:data2\" content=\"4 minutes\">\n<script type=\"application\/ld+json\" class=\"yoast-schema-graph\">{\"@context\":\"https:\/\/schema.org\",\"@graph\":[{\"@type\":\"WebSite\",\"@id\":\"https:\/\/solimangroup.com\/fonderie_soliman\/it\/#website\",\"url\":\"https:\/\/solimangroup.com\/fonderie_soliman\/it\/\",\"name\":\"Fonderie Soliman\",\"description\":\"Produzione Ghisa Lamellare, Ghisa Sferoidale e Ghise Speciali\",\"potentialAction\":[{\"@type\":\"SearchAction\",\"target\":\"https:\/\/solimangroup.com\/fonderie_soliman\/it\/?s={search_term_string}\",\"query-input\":\"required name=search_term_string\"}],\"inLanguage\":\"en-GB\"},{\"@type\":\"WebPage\",\"@id\":\"https:\/\/solimangroup.com\/fonderie_soliman\/it\/privacy-policy\/#webpage\",\"url\":\"https:\/\/solimangroup.com\/fonderie_soliman\/it\/privacy-policy\/\",\"name\":\"Privacy Policy - Fonderie Soliman\",\"isPartOf\":{\"@id\":\"https:\/\/solimangroup.com\/fonderie_soliman\/it\/#website\"},\"datePublished\":\"2014-10-27T07:51:51+00:00\",\"dateModified\":\"2014-11-05T15:12:31+00:00\",\"inLanguage\":\"en-GB\",\"potentialAction\":[{\"@type\":\"ReadAction\",\"target\":[\"https:\/\/solimangroup.com\/fonderie_soliman\/it\/privacy-policy\/\"]}]}]}<\/script>\n<!-- \/ Yoast SEO plugin. -->","_links":{"self":[{"href":"https:\/\/solimangroup.com\/fonderie_soliman\/en\/wp-json\/wp\/v2\/pages\/452"}],"collection":[{"href":"https:\/\/solimangroup.com\/fonderie_soliman\/en\/wp-json\/wp\/v2\/pages"}],"about":[{"href":"https:\/\/solimangroup.com\/fonderie_soliman\/en\/wp-json\/wp\/v2\/types\/page"}],"author":[{"embeddable":true,"href":"https:\/\/solimangroup.com\/fonderie_soliman\/en\/wp-json\/wp\/v2\/users\/1"}],"replies":[{"embeddable":true,"href":"https:\/\/solimangroup.com\/fonderie_soliman\/en\/wp-json\/wp\/v2\/comments?post=452"}],"version-history":[{"count":6,"href":"https:\/\/solimangroup.com\/fonderie_soliman\/en\/wp-json\/wp\/v2\/pages\/452\/revisions"}],"predecessor-version":[{"id":531,"href":"https:\/\/solimangroup.com\/fonderie_soliman\/en\/wp-json\/wp\/v2\/pages\/452\/revisions\/531"}],"wp:attachment":[{"href":"https:\/\/solimangroup.com\/fonderie_soliman\/en\/wp-json\/wp\/v2\/media?parent=452"}],"curies":[{"name":"wp","href":"https:\/\/api.w.org\/{rel}","templated":true}]}}