{"id":254,"date":"2014-06-23T14:09:43","date_gmt":"2014-06-23T14:09:43","guid":{"rendered":"http:\/\/solimangroup.com\/fonderie_soliman\/?page_id=254"},"modified":"2026-03-26T11:30:32","modified_gmt":"2026-03-26T10:30:32","slug":"mission","status":"publish","type":"page","link":"https:\/\/solimangroup.com\/fonderie_soliman\/it\/mission\/","title":{"rendered":"Mission"},"content":{"rendered":"<p style=\"margin: 0; padding: 0; text-align: justify;\">\u00c8 costante intento delle FONDERIE SOLIMAN S.P.A. garantire ai propri prodotti un livello di qualit\u00e0 adeguato alle attese dei propri Clienti, nonch\u00e9 rispondente a prescrizioni contrattuali ed alle norme di riferimento italiane o degli altri Paesi con i quali intrattiene rapporti commerciali.<br \/>\nA questo scopo le FONDERIE SOLIMAN S.P.A. si \u00e8 dotata di un sistema Qualit\u00e0 conforme alla norma UNI EN ISO 9001:2015, unitamente ad una razionale organizzazione del lavoro.<\/p>\n<p>Gli obiettivi che FONDERIE SOLIMAN S.P.A. prefigge ed intende perseguire sono:<\/p>\n<ul>\n<li>aumentare il <strong>grado di soddisfazione dei nostri Clienti<\/strong>, non solo garantendo la conformit\u00e0 ed idoneit\u00e0 dei nostri prodotti, ma anche e soprattutto migliorando il livello del servizio pre e post vendita e ponendo le Loro necessit\u00e0 alla base della nostra evoluzione ed innovazione tecnologica;<\/li>\n<li>garantire all&#8217;Azienda la necessaria <strong>redditivit\u00e0<\/strong>, attraverso il controllo e la riduzione di tutti i costi diretti ed indiretti, dovuti alla non qualit\u00e0 dei prodotti od alla inefficienza delle prestazioni e rendimenti dei reparti;<\/li>\n<li>consolidando e migliorando la nostra <strong>presenza sul Mercato, <\/strong>attraverso un\u2019immagine di affidabilit\u00e0, competenza, impegno;<\/li>\n<li>costruire un <strong>Sistema di Gestione Aziendale<\/strong>, che punti al miglioramento continuo dei risultati e dell&#8217;efficienza, attraverso il coinvolgimento di tutte le strutture interne.<\/li>\n<\/ul>\n<p>&#8211; <strong><a title=\"Qualit\u00e0\" href=\"https:\/\/solimangroup.com\/fonderie_soliman\/wp-content\/uploads\/2026\/03\/POLITICA-QUALITA_new.pdf\" target=\"_blank\" rel=\"noopener noreferrer\">Politica sulla Qualit\u00e0<\/a><\/strong><\/p>\n","protected":false},"excerpt":{"rendered":"<p>\u00c8 costante intento delle FONDERIE SOLIMAN S.P.A. garantire ai propri prodotti un livello di qualit\u00e0 adeguato alle attese dei propri Clienti, nonch\u00e9 rispondente a prescrizioni contrattuali ed alle norme di riferimento italiane o degli altri Paesi con i quali intrattiene rapporti commerciali. A questo scopo le FONDERIE SOLIMAN S.P.A. si \u00e8 dotata di un sistema<a class=\"rmore\" href=\"https:\/\/solimangroup.com\/fonderie_soliman\/it\/mission\/\">&nbsp;&nbsp; Read More &#8230;<\/a><\/p>\n","protected":false},"author":1,"featured_media":0,"parent":0,"menu_order":0,"comment_status":"closed","ping_status":"open","template":"","meta":[],"yoast_head":"<!-- This site is optimized with the Yoast SEO plugin v15.2.1 - https:\/\/yoast.com\/wordpress\/plugins\/seo\/ -->\n<meta name=\"robots\" content=\"index, follow, max-snippet:-1, max-image-preview:large, max-video-preview:-1\" \/>\n<link rel=\"canonical\" href=\"https:\/\/solimangroup.com\/fonderie_soliman\/mission\/\" \/>\n<meta property=\"og:locale\" content=\"it_IT\" \/>\n<meta property=\"og:type\" content=\"article\" \/>\n<meta property=\"og:title\" content=\"Mission - Fonderie Soliman\" \/>\n<meta property=\"og:description\" content=\"\u00c8 costante intento delle FONDERIE SOLIMAN S.P.A. garantire ai propri prodotti un livello di qualit\u00e0 adeguato alle attese dei propri Clienti, nonch\u00e9 rispondente a prescrizioni contrattuali ed alle norme di riferimento italiane o degli altri Paesi con i quali intrattiene rapporti commerciali. A questo scopo le FONDERIE SOLIMAN S.P.A. si \u00e8 dotata di un sistema&nbsp;&nbsp; Read More ...\" \/>\n<meta property=\"og:url\" content=\"https:\/\/solimangroup.com\/fonderie_soliman\/mission\/\" \/>\n<meta property=\"og:site_name\" content=\"Fonderie Soliman\" \/>\n<meta property=\"article:modified_time\" content=\"2026-03-26T10:30:32+00:00\" \/>\n<meta name=\"twitter:label1\" content=\"Scritto da\">\n\t<meta name=\"twitter:data1\" content=\"admin\">\n\t<meta name=\"twitter:label2\" content=\"Tempo di lettura stimato\">\n\t<meta name=\"twitter:data2\" content=\"1 minuto\">\n<script type=\"application\/ld+json\" class=\"yoast-schema-graph\">{\"@context\":\"https:\/\/schema.org\",\"@graph\":[{\"@type\":\"WebSite\",\"@id\":\"https:\/\/solimangroup.com\/fonderie_soliman\/it\/#website\",\"url\":\"https:\/\/solimangroup.com\/fonderie_soliman\/it\/\",\"name\":\"Fonderie Soliman\",\"description\":\"Produzione Ghisa Lamellare, Ghisa Sferoidale e Ghise Speciali\",\"potentialAction\":[{\"@type\":\"SearchAction\",\"target\":\"https:\/\/solimangroup.com\/fonderie_soliman\/it\/?s={search_term_string}\",\"query-input\":\"required name=search_term_string\"}],\"inLanguage\":\"it-IT\"},{\"@type\":\"WebPage\",\"@id\":\"https:\/\/solimangroup.com\/fonderie_soliman\/mission\/#webpage\",\"url\":\"https:\/\/solimangroup.com\/fonderie_soliman\/mission\/\",\"name\":\"Mission - Fonderie Soliman\",\"isPartOf\":{\"@id\":\"https:\/\/solimangroup.com\/fonderie_soliman\/it\/#website\"},\"datePublished\":\"2014-06-23T14:09:43+00:00\",\"dateModified\":\"2026-03-26T10:30:32+00:00\",\"inLanguage\":\"it-IT\",\"potentialAction\":[{\"@type\":\"ReadAction\",\"target\":[\"https:\/\/solimangroup.com\/fonderie_soliman\/mission\/\"]}]}]}<\/script>\n<!-- \/ Yoast SEO plugin. -->","_links":{"self":[{"href":"https:\/\/solimangroup.com\/fonderie_soliman\/it\/wp-json\/wp\/v2\/pages\/254"}],"collection":[{"href":"https:\/\/solimangroup.com\/fonderie_soliman\/it\/wp-json\/wp\/v2\/pages"}],"about":[{"href":"https:\/\/solimangroup.com\/fonderie_soliman\/it\/wp-json\/wp\/v2\/types\/page"}],"author":[{"embeddable":true,"href":"https:\/\/solimangroup.com\/fonderie_soliman\/it\/wp-json\/wp\/v2\/users\/1"}],"replies":[{"embeddable":true,"href":"https:\/\/solimangroup.com\/fonderie_soliman\/it\/wp-json\/wp\/v2\/comments?post=254"}],"version-history":[{"count":16,"href":"https:\/\/solimangroup.com\/fonderie_soliman\/it\/wp-json\/wp\/v2\/pages\/254\/revisions"}],"predecessor-version":[{"id":984,"href":"https:\/\/solimangroup.com\/fonderie_soliman\/it\/wp-json\/wp\/v2\/pages\/254\/revisions\/984"}],"wp:attachment":[{"href":"https:\/\/solimangroup.com\/fonderie_soliman\/it\/wp-json\/wp\/v2\/media?parent=254"}],"curies":[{"name":"wp","href":"https:\/\/api.w.org\/{rel}","templated":true}]}}