{"id":256,"date":"2014-06-23T14:09:50","date_gmt":"2014-06-23T14:09:50","guid":{"rendered":"http:\/\/solimangroup.com\/fonderie_soliman\/?page_id=256"},"modified":"2026-03-26T11:28:54","modified_gmt":"2026-03-26T10:28:54","slug":"etica","status":"publish","type":"page","link":"https:\/\/solimangroup.com\/fonderie_soliman\/it\/etica\/","title":{"rendered":"Etica"},"content":{"rendered":"<p style=\"margin: 0; padding: 0; text-align: justify;\">\nLe Fonderie Soliman S.p.A. considerano la Sicurezza e la Salute dei lavoratori come una delle maggiori priorit\u00e0 e profondono un impegno intenso e continuativo per garantire il loro benessere mediante un&#8217;attenta e puntuale applicazione della normativa alla realt\u00e0 aziendale.<br \/>\nCon questo scopo le Fonderie Soliman S.p.A. nel 2013 si sono dotate di un Sistema di Gestione della Sicurezza secondo la normativa OHSAS 18001:2007.<br \/>\nI fondamenti su cui si basa il SGS delle Fonderie Soliman S.p.A. sono i seguenti:<\/p>\n<p>RESPONSABILIT\u00c0 NELLA GESTIONE DELLA SICUREZZA ESTESA ALL\u2019INTERA GERARCHIA AZIENDALE, a partire dal datore di lavoro, che se ne fa carico in prima persona, fino a raggiungere ogni singolo lavoratore, ciascuno secondo le proprie attribuzioni e competenze<\/p>\n<p>INDIVIDUAZIONE DI RISORSE SPECIFICHE NELL\u2019AMBITO DELL\u2019ORGANIZZAZIONE a cui si affida la responsabilit\u00e0 di applicare le linee guida aziendali in materia di Sicurezza e Salute sul lavoro, eseguendo non solo un controllo dell&#8217;osservanza delle direttive aziendali ma anche un lavoro di costante verifica dell&#8217;efficacia delle direttive stesse<\/p>\n<p>SONO MESSI A DISPOSIZIONE IL PERSONALE E LE INFRASTRUTTURE  necessarie a garantire condizioni di sicurezza: in particolare tutti i lavoratori sono dotati dei dispositivi di protezione individuale specifici per la propria attivit\u00e0 e per i rischi a cui sono esposti ed si impegnano ad utilizzarli sulla base dello specifico addestramento ricevuto<\/p>\n<p>LA SALUTE DEI LAVORATORI E\u2019 COSTANTEMENTE TENUTA SOTTO CONTROLLO mediante un esteso piano di sorveglianza sanitaria, con visite mediche generali e specialistiche ed esami clinici periodici, perch\u00e8 la profilassi \u00e8 riconosciuta come uno tra gli strumenti pi\u00f9 efficaci per la salvaguardia del benessere del singolo.<\/p>\n<p>SONO PREVISTI APPROFONDITI PIANI DI FORMAZIONE, INFORMAZIONE e ADDESTRAMENTO per i lavoratori, i preposti, i dirigenti, tutto il personale del Servizio di Prevenzione e Protezione e per i Rappresentanti dei Lavoratori per la Sicurezza; in particolare il Personale \u00e8 addestrato per essere pronto ad affrontare nel modo pi\u00f9 appropriato le situazioni di emergenza<\/p>\n<p>I LAVORATORI SONO COINVOLTI, anche tramite i loro rappresentanti per la sicurezza, nell&#8217;applicazione dei principi basilari di prevenzione e protezione e sono sensibilizzati a sentirsi in prima persona responsabili della sicurezza, della salute e del benessere proprio e dei colleghi<\/p>\n<p>SI PROMUOVE L\u2019UTILIZZO DI AZIONI PREVENTIVE o PIANI DI MIGLIORAMENTO volti a migliorare le condizioni di lavoro e a ridurre i rischi per il personale.\n<\/p>\n<p>&#8211; <strong><a title=\"Sicurezza\" href=\"https:\/\/solimangroup.com\/fonderie_soliman\/wp-content\/uploads\/2026\/03\/Politica-della-sicurezza_08.01.2025_new.pdf\" target=\"_blank\" rel=\"noopener noreferrer\">Politica sulla Sicurezza<\/a><\/strong><\/p>\n","protected":false},"excerpt":{"rendered":"<p>Le Fonderie Soliman S.p.A. considerano la Sicurezza e la Salute dei lavoratori come una delle maggiori priorit\u00e0 e profondono un impegno intenso e continuativo per garantire il loro benessere mediante un&#8217;attenta e puntuale applicazione della normativa alla realt\u00e0 aziendale. Con questo scopo le Fonderie Soliman S.p.A. nel 2013 si sono dotate di un Sistema di<a class=\"rmore\" href=\"https:\/\/solimangroup.com\/fonderie_soliman\/it\/etica\/\">&nbsp;&nbsp; Read More &#8230;<\/a><\/p>\n","protected":false},"author":1,"featured_media":0,"parent":0,"menu_order":0,"comment_status":"open","ping_status":"open","template":"","meta":[],"yoast_head":"<!-- This site is optimized with the Yoast SEO plugin v15.2.1 - https:\/\/yoast.com\/wordpress\/plugins\/seo\/ -->\n<meta name=\"description\" content=\"Consideriamo la Sicurezza e la Salute dei lavoratori una delle maggiori priorit\u00e0 e profondiamo un impegno intenso per garantire il loro benessere.\" \/>\n<meta name=\"robots\" content=\"index, follow, max-snippet:-1, max-image-preview:large, max-video-preview:-1\" \/>\n<link rel=\"canonical\" href=\"https:\/\/solimangroup.com\/fonderie_soliman\/etica\/\" \/>\n<meta property=\"og:locale\" content=\"it_IT\" \/>\n<meta property=\"og:type\" content=\"article\" \/>\n<meta property=\"og:title\" content=\"Etica - Fonderie Soliman\" \/>\n<meta property=\"og:description\" content=\"Consideriamo la Sicurezza e la Salute dei lavoratori una delle maggiori priorit\u00e0 e profondiamo un impegno intenso per garantire il loro benessere.\" \/>\n<meta property=\"og:url\" content=\"https:\/\/solimangroup.com\/fonderie_soliman\/etica\/\" \/>\n<meta property=\"og:site_name\" content=\"Fonderie Soliman\" \/>\n<meta property=\"article:modified_time\" content=\"2026-03-26T10:28:54+00:00\" \/>\n<meta name=\"twitter:label1\" content=\"Scritto da\">\n\t<meta name=\"twitter:data1\" content=\"admin\">\n\t<meta name=\"twitter:label2\" content=\"Tempo di lettura stimato\">\n\t<meta name=\"twitter:data2\" content=\"2 minuti\">\n<script type=\"application\/ld+json\" class=\"yoast-schema-graph\">{\"@context\":\"https:\/\/schema.org\",\"@graph\":[{\"@type\":\"WebSite\",\"@id\":\"https:\/\/solimangroup.com\/fonderie_soliman\/it\/#website\",\"url\":\"https:\/\/solimangroup.com\/fonderie_soliman\/it\/\",\"name\":\"Fonderie Soliman\",\"description\":\"Produzione Ghisa Lamellare, Ghisa Sferoidale e Ghise Speciali\",\"potentialAction\":[{\"@type\":\"SearchAction\",\"target\":\"https:\/\/solimangroup.com\/fonderie_soliman\/it\/?s={search_term_string}\",\"query-input\":\"required name=search_term_string\"}],\"inLanguage\":\"it-IT\"},{\"@type\":\"WebPage\",\"@id\":\"https:\/\/solimangroup.com\/fonderie_soliman\/etica\/#webpage\",\"url\":\"https:\/\/solimangroup.com\/fonderie_soliman\/etica\/\",\"name\":\"Etica - Fonderie Soliman\",\"isPartOf\":{\"@id\":\"https:\/\/solimangroup.com\/fonderie_soliman\/it\/#website\"},\"datePublished\":\"2014-06-23T14:09:50+00:00\",\"dateModified\":\"2026-03-26T10:28:54+00:00\",\"description\":\"Consideriamo la Sicurezza e la Salute dei lavoratori una delle maggiori priorit\\u00e0 e profondiamo un impegno intenso per garantire il loro benessere.\",\"inLanguage\":\"it-IT\",\"potentialAction\":[{\"@type\":\"ReadAction\",\"target\":[\"https:\/\/solimangroup.com\/fonderie_soliman\/etica\/\"]}]}]}<\/script>\n<!-- \/ Yoast SEO plugin. -->","_links":{"self":[{"href":"https:\/\/solimangroup.com\/fonderie_soliman\/it\/wp-json\/wp\/v2\/pages\/256"}],"collection":[{"href":"https:\/\/solimangroup.com\/fonderie_soliman\/it\/wp-json\/wp\/v2\/pages"}],"about":[{"href":"https:\/\/solimangroup.com\/fonderie_soliman\/it\/wp-json\/wp\/v2\/types\/page"}],"author":[{"embeddable":true,"href":"https:\/\/solimangroup.com\/fonderie_soliman\/it\/wp-json\/wp\/v2\/users\/1"}],"replies":[{"embeddable":true,"href":"https:\/\/solimangroup.com\/fonderie_soliman\/it\/wp-json\/wp\/v2\/comments?post=256"}],"version-history":[{"count":9,"href":"https:\/\/solimangroup.com\/fonderie_soliman\/it\/wp-json\/wp\/v2\/pages\/256\/revisions"}],"predecessor-version":[{"id":982,"href":"https:\/\/solimangroup.com\/fonderie_soliman\/it\/wp-json\/wp\/v2\/pages\/256\/revisions\/982"}],"wp:attachment":[{"href":"https:\/\/solimangroup.com\/fonderie_soliman\/it\/wp-json\/wp\/v2\/media?parent=256"}],"curies":[{"name":"wp","href":"https:\/\/api.w.org\/{rel}","templated":true}]}}